{"id":1632,"date":"2020-09-09T09:05:54","date_gmt":"2020-09-09T09:05:54","guid":{"rendered":"https:\/\/lendonpl.wpengine.com\/?page_id=1632"},"modified":"2025-07-03T07:02:30","modified_gmt":"2025-07-03T07:02:30","slug":"o-nas","status":"publish","type":"page","link":"https:\/\/www.avafin.lv\/ru\/o-nas","title":{"rendered":"\u041e \u043d\u0430\u0441"},"content":{"rendered":"<h2 class=\"wp-block-heading has-text-align-center\">\u0418\u043d\u0434\u0438\u0432\u0438\u0434\u0443\u0430\u043b\u044c\u043d\u044b\u0439 \u043f\u043e\u0442\u0440\u0435\u0431\u0438\u0442\u0435\u043b\u044c\u0441\u043a\u0438\u0439 \u043a\u0440\u0435\u0434\u0438\u0442<\/h2>\n\n\n\n<p>\u041c\u044b \u043e\u0441\u043e\u0437\u043d\u0430\u0435\u043c \u0432\u0430\u0436\u043d\u043e\u0441\u0442\u044c \u043f\u043e\u043b\u0443\u0447\u0435\u043d\u0438\u044f \u0444\u0438\u043d\u0430\u043d\u0441\u043e\u0432\u043e\u0439 \u043f\u043e\u0434\u0434\u0435\u0440\u0436\u043a\u0438 \u0434\u043b\u044f \u0440\u0435\u0430\u043b\u0438\u0437\u0430\u0446\u0438\u0438 \u0438\u0434\u0435\u0439 \u0438 \u0446\u0435\u043b\u0435\u0439. \u041a\u0440\u043e\u043c\u0435 \u0442\u043e\u0433\u043e, \u043f\u043e\u043b\u0443\u0447\u0438\u0442\u044c \u0435\u0451 \u0431\u044b\u0441\u0442\u0440\u043e, \u0443\u0434\u043e\u0431\u043d\u043e \u0438 \u0431\u0435\u0437\u043e\u043f\u0430\u0441\u043d\u043e.<br><\/p>\n\n\n\n<p>AvaFin \u043f\u0440\u0435\u0434\u043b\u0430\u0433\u0430\u0435\u0442 \u043f\u043e\u0442\u0440\u0435\u0431\u0438\u0442\u0435\u043b\u044c\u0441\u043a\u0438\u0439 \u043a\u0440\u0435\u0434\u0438\u0442 \u0441 \u0443\u0447\u0451\u0442\u043e\u043c \u043f\u043e\u0442\u0440\u0435\u0431\u043d\u043e\u0441\u0442\u0435\u0439 \u0438 \u0432\u043e\u0437\u043c\u043e\u0436\u043d\u043e\u0441\u0442\u0435\u0439 \u043d\u0430\u0448\u0438\u0445 \u043a\u043b\u0438\u0435\u043d\u0442\u043e\u0432. \u041c\u044b \u043e\u0440\u0438\u0435\u043d\u0442\u0438\u0440\u0443\u0435\u043c\u0441\u044f \u043d\u0430 \u043e\u0431\u0435\u0441\u043f\u0435\u0447\u0435\u043d\u0438\u0435 \u043d\u0430\u0438\u043b\u0443\u0447\u0448\u0435\u0433\u043e \u043e\u0431\u0441\u043b\u0443\u0436\u0438\u0432\u0430\u043d\u0438\u044f \u043a\u043b\u0438\u0435\u043d\u0442\u043e\u0432 \u0438 \u043f\u043e\u0441\u0442\u0440\u043e\u0435\u043d\u0438\u0435 \u0434\u043e\u043b\u0433\u043e\u0441\u0440\u043e\u0447\u043d\u044b\u0445 \u043e\u0442\u043d\u043e\u0448\u0435\u043d\u0438\u0439, \u0441\u0442\u0430\u043d\u043e\u0432\u044f\u0441\u044c \u043b\u0443\u0447\u0448\u0438\u043c \u0432\u044b\u0431\u043e\u0440\u043e\u043c \u0434\u043b\u044f \u043f\u043e\u043a\u0440\u044b\u0442\u0438\u044f \u0444\u0438\u043d\u0430\u043d\u0441\u043e\u0432\u044b\u0439 \u043f\u043e\u0442\u0440\u0435\u0431\u043d\u043e\u0441\u0442\u0435\u0439.<\/p>\n\n\n\n<p>\u0412\u044b \u043c\u043e\u0436\u0435\u0442\u0435 \u0431\u044b\u0441\u0442\u0440\u043e \u0438 \u043b\u0435\u0433\u043a\u043e \u043f\u043e\u0434\u0430\u0442\u044c \u043a\u0440\u0435\u0434\u0438\u0442\u043d\u0443\u044e \u0437\u0430\u044f\u0432\u043a\u0443 \u043d\u0430 \u0434\u043e\u043c\u0430\u0448\u043d\u0435\u0439 \u0441\u0442\u0440\u0430\u043d\u0438\u0446\u0435 AvaFin \u0438 \u043f\u043e\u043b\u0443\u0447\u0438\u0442\u044c \u043f\u0440\u0435\u0434\u043b\u043e\u0436\u0435\u043d\u0438\u0435, \u0441\u0434\u0435\u043b\u0430\u043d\u043d\u043e\u0435 \u0441\u043f\u0435\u0446\u0438\u0430\u043b\u044c\u043d\u043e \u0434\u043b\u044f \u0412\u0430\u0441, \u0432 \u0442\u0435\u0447\u0435\u043d\u0438\u0435 15 \u043c\u0438\u043d\u0443\u0442. \u042d\u0442\u043e \u0432\u043e\u0437\u043c\u043e\u0436\u043d\u043e \u0431\u043b\u0430\u0433\u043e\u0434\u0430\u0440\u044f \u043d\u0430\u0448\u0435\u0439 \u0431\u044b\u0441\u0442\u0440\u043e\u0439 \u0441\u0438\u0441\u0442\u0435\u043c\u0435 \u043e\u0446\u0435\u043d\u043a\u0438 \u043a\u0440\u0435\u0434\u0438\u0442\u043d\u044b\u0445 \u0440\u0438\u0441\u043a\u043e\u0432 \u0438 \u0438\u043d\u0442\u0435\u043b\u043b\u0435\u043a\u0442\u0443\u0430\u043b\u044c\u043d\u043e\u043c\u0443 \u0430\u043d\u0430\u043b\u0438\u0437\u0443 \u0434\u0430\u043d\u043d\u044b\u0445, \u0432\u0441\u0442\u0440\u043e\u0435\u043d\u043d\u044b\u0445 \u0432 \u0432\u0435\u0431-\u0441\u0430\u0439\u0442 AvaFin.<\/p>\n\n\n\n<div style=\"height:70px\" aria-hidden=\"true\" class=\"wp-block-spacer\"><\/div>\n\n\n\n<h2 class=\"wp-block-heading has-text-align-center\">\u041f\u043e\u0447\u0435\u043c\u0443 \u043f\u043e\u043b\u044c\u0437\u043e\u0432\u0430\u0442\u044c\u0441\u044f \u0443\u0441\u043b\u0443\u0433\u0430\u043c\u0438 AvaFin?<\/h2>\n\n\n<section id=\"cards-group-block_1c10307bcc4c30cc536d455df6297e1c\" class=\"av-cards-group   av-cards-group-3 av-card-group-standard\" >\n            <div id=\"card-0\"\n            class=\"av-card\"\n            style=\"\"\n                    >\n                                <div class=\"av-cards-group-img-container\">\n                        <img decoding=\"async\" src=\"https:\/\/www.avafin.lv\/wp-content\/uploads\/2023\/01\/draudziga-pieeja.jpg\" width=\"48\" height=\"48\" loading=\"lazy\" alt=\"\u0434\u0440\u0443\u0436\u0435\u043b\u044e\u0431\u043d\u043e\u0435 \u043e\u0442\u043d\u043e\u0448\u0435\u043d\u0438\u0435\"\/>\n                    <\/div>\n                                                <h3><p>\u0414\u0440\u0443\u0436\u0435\u0441\u0442\u0432\u0435\u043d\u043d\u044b\u0439 \u043f\u043e\u0434\u0445\u043e\u0434<\/p>\n<\/h3>\n                                                <p><p>\u041e\u0434\u043d\u0438\u043c \u0438\u0437 \u043d\u0430\u0448\u0438\u0445 \u043f\u0440\u0438\u043e\u0440\u0438\u0442\u0435\u0442\u043e\u0432 \u044f\u0432\u043b\u044f\u0435\u0442\u0441\u044f \u043f\u043e\u0441\u0442\u0440\u043e\u0435\u043d\u0438\u0435 \u043e\u0442\u043d\u043e\u0448\u0435\u043d\u0438\u0439. \u041c\u044b \u0445\u043e\u0442\u0438\u043c \u0431\u044b\u0442\u044c \u0412\u0430\u0448\u0438\u043c \u043f\u0430\u0440\u0442\u043d\u0435\u0440\u043e\u043c \u0438 \u043f\u043e\u043c\u043e\u0433\u0430\u0442\u044c \u0412\u0430\u043c \u043d\u0430 \u043a\u0430\u0436\u0434\u043e\u043c \u044d\u0442\u0430\u043f\u0435 \u0412\u0430\u0448\u0435\u0439 \u0436\u0438\u0437\u043d\u0438.<\/p>\n<\/p>\n                                    <\/div>\n            <div id=\"card-1\"\n            class=\"av-card\"\n            style=\"\"\n                    >\n                                <div class=\"av-cards-group-img-container\">\n                        <img decoding=\"async\" src=\"https:\/\/www.avafin.lv\/wp-content\/uploads\/2023\/01\/kalkulators-sarkans.svg\" width=\"48\" height=\"48\" loading=\"lazy\" alt=\"\u0438\u043d\u0434\u0438\u0432\u0438\u0434\u0443\u0430\u043b\u044c\u043d\u044b\u0439 \u043f\u043e\u0434\u0445\u043e\u0434\"\/>\n                    <\/div>\n                                                <h3><p>\u041f\u0435\u0440\u0441\u043e\u043d\u0430\u043b\u0438\u0437\u0438\u0440\u043e\u0432\u0430\u043d\u043d\u043e\u0435 \u043f\u0440\u0435\u0434\u043b\u043e\u0436\u0435\u043d\u0438\u0435<\/p>\n<\/h3>\n                                                <p><p>\u041c\u044b \u043f\u0440\u0438\u0441\u043b\u0443\u0448\u0438\u0432\u0430\u0435\u043c\u0441\u044f \u043a \u043f\u043e\u0442\u0440\u0435\u0431\u043d\u043e\u0441\u0442\u044f\u043c \u0438 \u043e\u0442\u0432\u0435\u0442\u0441\u0442\u0432\u0435\u043d\u043d\u043e \u043e\u0442\u043d\u043e\u0441\u0438\u043c\u0441\u044f \u043a \u0432\u043e\u0437\u043c\u043e\u0436\u043d\u043e\u0441\u0442\u044f\u043c \u043a\u043b\u0438\u0435\u043d\u0442\u0430, \u043f\u043e\u044d\u0442\u043e\u043c\u0443 \u043a\u0430\u0436\u0434\u044b\u0439 \u043a\u043b\u0438\u0435\u043d\u0442 \u043f\u043e\u043b\u0443\u0447\u0430\u0435\u0442 \u0438\u043d\u0434\u0438\u0432\u0438\u0434\u0443\u0430\u043b\u044c\u043d\u043e\u0435 \u043a\u0440\u0435\u0434\u0438\u0442\u043d\u043e\u0435 \u043f\u0440\u0435\u0434\u043b\u043e\u0436\u0435\u043d\u0438\u0435.<\/p>\n<\/p>\n                                    <\/div>\n            <div id=\"card-2\"\n            class=\"av-card\"\n            style=\"\"\n                    >\n                                <div class=\"av-cards-group-img-container\">\n                        <img decoding=\"async\" src=\"https:\/\/www.avafin.lv\/wp-content\/uploads\/2023\/01\/pulkstenis.svg\" width=\"48\" height=\"48\" loading=\"lazy\" alt=\"\u043f\u0440\u043e\u0444\u0435\u0441\u0441\u0438\u043e\u043d\u0430\u043b\u044c\u043d\u043e\u0435 \u043e\u0431\u0441\u043b\u0443\u0436\u0438\u0432\u0430\u043d\u0438\u0435\"\/>\n                    <\/div>\n                                                <h3><p>\u0411\u044b\u0441\u0442\u0440\u044b\u0439 \u043f\u0440\u043e\u0446\u0435\u0441\u0441 \u0438 \u0447\u0435\u0442\u043a\u0438\u0435 \u0443\u0441\u043b\u043e\u0432\u0438\u044f<\/p>\n<\/h3>\n                                                <p><p>\u041c\u044b \u043f\u043e\u043d\u0438\u043c\u0430\u0435\u043c - \u0432\u0440\u0435\u043c\u044f \u0438 \u0431\u0435\u0437\u043e\u043f\u0430\u0441\u043d\u043e\u0441\u0442\u044c \u0432\u0430\u0436\u043d\u044b, \u043a\u043e\u0433\u0434\u0430 \u0440\u0435\u0447\u044c \u0438\u0434\u0451\u0442 \u043e \u0434\u0435\u043d\u044c\u0433\u0430\u0445. \u0421 \u043d\u0430\u043c\u0438 \u043f\u0440\u043e\u0446\u0435\u0441\u0441 \u043e\u0444\u043e\u0440\u043c\u043b\u0435\u043d\u0438\u044f \u0438 \u0432\u044b\u0434\u0430\u0447\u0438 \u043a\u0440\u0435\u0434\u0438\u0442\u0430 \u0438\u043c\u0435\u043d\u043d\u043e \u0442\u0430\u043a\u043e\u0439 \u2013 \u0431\u044b\u0441\u0442\u0440\u044b\u0439, \u0443\u0434\u043e\u0431\u043d\u044b\u0439, \u0431\u0435\u0437\u043e\u043f\u0430\u0441\u043d\u044b\u0439, \u0438 \u043f\u043e\u043b\u043d\u043e\u0441\u0442\u044c\u044e \u043e\u043d\u043b\u0430\u0439\u043d.<\/p>\n<\/p>\n                                    <\/div>\n    <\/section>\n\n\n\n<div style=\"height:70px\" aria-hidden=\"true\" class=\"wp-block-spacer\"><\/div>\n\n\n\n<h2 class=\"wp-block-heading has-text-align-center\">\u041e\u0431 Avafin Latvia SIA<\/h2>\n\n\n\n<div style=\"height:40px\" aria-hidden=\"true\" class=\"wp-block-spacer\"><\/div>\n\n\n\n<h3 class=\"wp-block-heading\">\u0412\u043c\u0435\u0441\u0442\u0435 \u0441 \u0412\u0430\u043c\u0438 \u0443\u0436\u0435 \u0431\u043e\u043b\u0435\u0435 10 \u043b\u0435\u0442<\/h3>\n\n\n\n<p>Avafin Latvia SIA (\u0440\u0430\u043d\u0435\u0435 SIA Creamfinance Latvia) \u0431\u044b\u043b\u0430 \u043e\u0441\u043d\u043e\u0432\u0430\u043d\u0430 \u0432 2012 \u0433\u043e\u0434\u0443. \u0412 \u044d\u0442\u0438 \u0433\u043e\u0434\u044b \u043a\u043e\u043c\u043f\u0430\u043d\u0438\u044f \u0441\u0442\u0430\u043b\u0430 \u0438\u0437\u0432\u0435\u0441\u0442\u043d\u0430 \u043f\u043e\u0434 \u0442\u043e\u0440\u0433\u043e\u0432\u044b\u043c\u0438 \u043c\u0430\u0440\u043a\u0430\u043c\u0438 Ladyloan, Crediton \u0438 Creamcredit. \u041e\u0434\u043d\u0430\u043a\u043e \u0432 \u043a\u043e\u043d\u0446\u0435 2022 \u0433\u043e\u0434\u0430 \u043f\u0440\u0438 \u043e\u0431\u044a\u0435\u0434\u0438\u043d\u0435\u043d\u0438\u0438 \u0431\u0440\u0435\u043d\u0434\u043e\u0432, \u043a\u043b\u0438\u0435\u043d\u0442\u044b \u0431\u044b\u043b\u0438 \u043f\u043e\u0437\u043d\u0430\u043a\u043e\u043c\u043b\u0435\u043d\u044b \u0441 \u043d\u043e\u0432\u044b\u043c \u043d\u0430\u0437\u0432\u0430\u043d\u0438\u0435\u043c \u0431\u0440\u0435\u043d\u0434\u0430 \u2014 AvaFin.<\/p>\n\n\n\n<h3 class=\"wp-block-heading\">\u041c\u044b \u044f\u0432\u043b\u044f\u0435\u043c\u0441\u044f \u0447\u0430\u0441\u0442\u044c\u044e \u043c\u0435\u0436\u0434\u0443\u043d\u0430\u0440\u043e\u0434\u043d\u043e\u0439 \u043a\u043e\u043c\u043f\u0430\u043d\u0438\u0438<\/h3>\n\n\n\n<p>\u041c\u044b \u0433\u043e\u0440\u0434\u0438\u043c\u0441\u044f \u0442\u0435\u043c, \u0447\u0442\u043e Avafin Latvia SIA \u044f\u0432\u043b\u044f\u0435\u0442\u0441\u044f \u0447\u0430\u0441\u0442\u044c\u044e \u0433\u0440\u0443\u043f\u043f\u044b \u00abAvafin\u00bb (Avafin Holding Ltd), \u043a\u043e\u0442\u043e\u0440\u0430\u044f \u044f\u0432\u043b\u044f\u0435\u0442\u0441\u044f \u043e\u0434\u043d\u0438\u043c \u0438\u0437 \u0441\u0430\u043c\u044b\u0445 \u0438\u043d\u043d\u043e\u0432\u0430\u0446\u0438\u043e\u043d\u043d\u044b\u0445 \u0438 \u0431\u044b\u0441\u0442\u0440\u043e\u0440\u0430\u0441\u0442\u0443\u0449\u0438\u0445 \u043f\u043e\u0441\u0442\u0430\u0432\u0449\u0438\u043a\u043e\u0432 \u043f\u043e\u0442\u0440\u0435\u0431\u0438\u0442\u0435\u043b\u044c\u0441\u043a\u0438\u0445 \u0444\u0438\u043d\u0430\u043d\u0441\u043e\u0432\u044b\u0445 \u0443\u0441\u043b\u0443\u0433 \u0432 \u0415\u0432\u0440\u043e\u043f\u0435.<br>\u041f\u043e\u0440\u0442\u0444\u0435\u043b\u044c \u043f\u0440\u043e\u0434\u0443\u043a\u0442\u043e\u0432 \u0433\u0440\u0443\u043f\u043f\u044b\u201d AvaFin\u201d \u0432\u043a\u043b\u044e\u0447\u0430\u0435\u0442 \u043a\u0440\u0430\u0442\u043a\u043e\u0441\u0440\u043e\u0447\u043d\u044b\u0435 \u043a\u0440\u0435\u0434\u0438\u0442\u044b, \u043f\u043e\u0442\u0440\u0435\u0431\u0438\u0442\u0435\u043b\u044c\u0441\u043a\u0438\u0435 \u043a\u0440\u0435\u0434\u0438\u0442\u044b, \u043a\u0440\u0435\u0434\u0438\u0442\u043d\u044b\u0435 \u043b\u0438\u043d\u0438\u0438 \u0438 \u043a\u0440\u0435\u0434\u0438\u0442\u043d\u044b\u0435 \u043a\u0430\u0440\u0442\u044b.<br>\u0410\u043a\u0442\u0438\u0432\u043d\u043e \u0440\u0430\u0431\u043e\u0442\u0430\u044f \u0431\u043e\u043b\u0435\u0435 10 \u043b\u0435\u0442, \u043e\u0431\u0441\u043b\u0443\u0436\u0435\u043d\u043e \u0431\u043e\u043b\u0435\u0435 1 \u043c\u043b\u043d \u043a\u043b\u0438\u0435\u043d\u0442\u043e\u0432 \u0432 5 \u0441\u0442\u0440\u0430\u043d\u0430\u0445 - \u041b\u0430\u0442\u0432\u0438\u0438, \u041f\u043e\u043b\u044c\u0448\u0435, \u0427\u0435\u0445\u0438\u0438, \u041c\u0435\u043a\u0441\u0438\u043a\u0435 \u0438 \u0418\u0441\u043f\u0430\u043d\u0438\u0438.<\/p>\n\n\n\n<h3 class=\"wp-block-heading\">\u0417\u043d\u0430\u043a \u043a\u0430\u0447\u0435\u0441\u0442\u0432\u0430 AvaFin<\/h3>\n\n\n\n<p>\u041a\u0430\u0447\u0435\u0441\u0442\u0432\u043e \u043d\u0430\u0448\u0438\u0445 \u0443\u0441\u043b\u0443\u0433 \u043f\u043e\u0434\u0442\u0432\u0435\u0440\u0436\u0434\u0435\u043d\u043e \u043b\u0438\u0446\u0435\u043d\u0437\u0438\u0435\u0439 \u0426\u0435\u043d\u0442\u0440\u0430 \u0437\u0430\u0449\u0438\u0442\u044b \u043f\u0440\u0430\u0432 \u043f\u043e\u0442\u0440\u0435\u0431\u0438\u0442\u0435\u043b\u0435\u0439 (\u0426\u0417\u041f\u041f). \u042d\u0442\u043e \u043e\u0437\u043d\u0430\u0447\u0430\u0435\u0442, \u0447\u0442\u043e \u043c\u044b \u0441\u0442\u0430\u0431\u0438\u043b\u044c\u043d\u0430\u044f \u043a\u043e\u043c\u043f\u0430\u043d\u0438\u044f, \u043a\u043e\u0442\u043e\u0440\u0430\u044f \u0443\u0432\u0430\u0436\u0430\u0435\u0442 \u043f\u0440\u0430\u0432\u0430 \u043d\u0430\u0448\u0438\u0445 \u043a\u043b\u0438\u0435\u043d\u0442\u043e\u0432, \u0433\u0430\u0440\u0430\u043d\u0442\u0438\u0440\u0443\u0435\u0442 \u0431\u0435\u0437\u043e\u043f\u0430\u0441\u043d\u043e\u0441\u0442\u044c \u0434\u0430\u043d\u043d\u044b\u0445 \u0438 \u043e\u0441\u043d\u043e\u0432\u044b\u0432\u0430\u0435\u0442\u0441\u044f \u043d\u0430 \u0447\u0435\u0442\u043a\u0438\u0445 \u0438 \u043f\u043e\u043d\u044f\u0442\u043d\u044b\u0445 \u043f\u0440\u0430\u0432\u0438\u043b\u0430\u0445.<\/p>\n\n\n\n<div style=\"height:80px\" aria-hidden=\"true\" class=\"wp-block-spacer\"><\/div>\n\n\n\n<div class=\"wp-block-lendon-cover3 av-cover-3 full-width\" style=\"background-image:linear-gradient(to right, #010440ba, #010440ba), url(https:\/\/www.avafin.lv\/wp-content\/uploads\/2022\/09\/4.jpeg);padding:40px\"><div class=\"flex-res\" style=\"flex-direction: column\">\n<div class=\"wp-block-buttons is-content-justification-center is-layout-flex wp-container-core-buttons-is-layout-16018d1d wp-block-buttons-is-layout-flex\">\n<div class=\"wp-block-button\"><a class=\"wp-block-button__link has-background wp-element-button\" style=\"background-color:#f21d1d\">\u041d\u0430\u0448\u0430 \u043c\u0438\u0441\u0441\u0438\u044f<\/a><\/div>\n<\/div>\n\n\n\n<div style=\"height:39px\" aria-hidden=\"true\" class=\"wp-block-spacer\"><\/div>\n\n\n\n<p class=\"has-text-align-center line-h26 has-white-color has-text-color\" style=\"font-size:1rem;font-style:normal;font-weight:700;letter-spacing:0.02em\">\u041c\u044b \u0445\u043e\u0442\u0438\u043c \u043f\u0440\u0435\u0434\u043e\u0441\u0442\u0430\u0432\u0438\u0442\u044c \u0412\u0430\u043c \u0444\u0438\u043d\u0430\u043d\u0441\u043e\u0432\u0443\u044e \u043f\u043e\u0434\u0434\u0435\u0440\u0436\u043a\u0443 \u0443\u0434\u043e\u0431\u043d\u044b\u043c \u0441\u043f\u043e\u0441\u043e\u0431\u043e\u043c \u0441 \u0438\u043d\u0434\u0438\u0432\u0438\u0434\u0443\u0430\u043b\u044c\u043d\u044b\u043c \u0444\u0438\u043d\u0430\u043d\u0441\u043e\u0432\u044b\u043c \u0440\u0435\u0448\u0435\u043d\u0438\u0435\u043c<\/p>\n<\/div><\/div>","protected":false},"excerpt":{"rendered":"<p>M\u0113s esam pieredz\u0113jusi finan\u0161u jomas ekspertu komanda.<br \/>\nPadar\u0101m finan\u0161u l\u012bdzek\u013cus pieejam\u0101kus un piel\u0101gojam pied\u0101v\u0101jumu J\u016bsu individu\u0101laj\u0101m vajadz\u012bb\u0101m un iesp\u0113j\u0101m.<\/p>","protected":false},"author":16,"featured_media":0,"parent":0,"menu_order":0,"comment_status":"closed","ping_status":"closed","template":"","meta":{"_acf_changed":false,"footnotes":""},"class_list":["post-1632","page","type-page","status-publish","hentry"],"acf":[],"yoast_head":"<!-- This site is optimized with the Yoast SEO plugin v26.9 - https:\/\/yoast.com\/product\/yoast-seo-wordpress\/ -->\n<title>Par AvaFin - Nebanku aizdev\u0113js<\/title>\n<meta name=\"description\" content=\"AvaFin Latvia SIA - J\u016bsu finan\u0161u partneris, kas pal\u012bdz\u0113s ar piem\u0113rot\u0101ko kred\u012bta risin\u0101jumu. Ien\u0101ciet un uzziniet par mums vair\u0101k!\" \/>\n<meta name=\"robots\" content=\"index, follow, max-snippet:-1, max-image-preview:large, max-video-preview:-1\" \/>\n<link rel=\"canonical\" href=\"https:\/\/www.avafin.lv\/ru\/o-nas\" \/>\n<meta property=\"og:locale\" content=\"ru_RU\" \/>\n<meta property=\"og:type\" content=\"article\" \/>\n<meta property=\"og:title\" content=\"Par AvaFin - Nebanku aizdev\u0113js\" \/>\n<meta property=\"og:description\" content=\"AvaFin Latvia SIA - J\u016bsu finan\u0161u partneris, kas pal\u012bdz\u0113s ar piem\u0113rot\u0101ko kred\u012bta risin\u0101jumu. Ien\u0101ciet un uzziniet par mums vair\u0101k!\" \/>\n<meta property=\"og:url\" content=\"https:\/\/www.avafin.lv\/ru\/o-nas\" \/>\n<meta property=\"og:site_name\" content=\"Avafin.lv\" \/>\n<meta property=\"article:modified_time\" content=\"2025-07-03T07:02:30+00:00\" \/>\n<meta name=\"twitter:card\" content=\"summary_large_image\" \/>\n<meta name=\"twitter:label1\" content=\"\u041f\u0440\u0438\u043c\u0435\u0440\u043d\u043e\u0435 \u0432\u0440\u0435\u043c\u044f \u0434\u043b\u044f \u0447\u0442\u0435\u043d\u0438\u044f\" \/>\n\t<meta name=\"twitter:data1\" content=\"2 \u043c\u0438\u043d\u0443\u0442\u044b\" \/>\n<script type=\"application\/ld+json\" class=\"yoast-schema-graph\">{\"@context\":\"https:\/\/schema.org\",\"@graph\":[{\"@type\":[\"WebPage\",\"AboutPage\"],\"@id\":\"https:\/\/www.avafin.lv\/par-mums\",\"url\":\"https:\/\/www.avafin.lv\/par-mums\",\"name\":\"Par AvaFin - Nebanku aizdev\u0113js\",\"isPartOf\":{\"@id\":\"https:\/\/www.avafin.lv\/#website\"},\"datePublished\":\"2020-09-09T09:05:54+00:00\",\"dateModified\":\"2025-07-03T07:02:30+00:00\",\"description\":\"AvaFin Latvia SIA - J\u016bsu finan\u0161u partneris, kas pal\u012bdz\u0113s ar piem\u0113rot\u0101ko kred\u012bta risin\u0101jumu. Ien\u0101ciet un uzziniet par mums vair\u0101k!\",\"breadcrumb\":{\"@id\":\"https:\/\/www.avafin.lv\/par-mums#breadcrumb\"},\"inLanguage\":\"ru-RU\",\"potentialAction\":[{\"@type\":\"ReadAction\",\"target\":[\"https:\/\/www.avafin.lv\/par-mums\"]}]},{\"@type\":\"BreadcrumbList\",\"@id\":\"https:\/\/www.avafin.lv\/par-mums#breadcrumb\",\"itemListElement\":[{\"@type\":\"ListItem\",\"position\":1,\"name\":\"S\u0101kums\",\"item\":\"https:\/\/www.avafin.lv\/\"},{\"@type\":\"ListItem\",\"position\":2,\"name\":\"Par mums\"}]},{\"@type\":\"WebSite\",\"@id\":\"https:\/\/www.avafin.lv\/#website\",\"url\":\"https:\/\/www.avafin.lv\/\",\"name\":\"Avafin.lv\",\"description\":\"\",\"publisher\":{\"@id\":\"https:\/\/www.avafin.lv\/#organization\"},\"potentialAction\":[{\"@type\":\"SearchAction\",\"target\":{\"@type\":\"EntryPoint\",\"urlTemplate\":\"https:\/\/www.avafin.lv\/?s={search_term_string}\"},\"query-input\":{\"@type\":\"PropertyValueSpecification\",\"valueRequired\":true,\"valueName\":\"search_term_string\"}}],\"inLanguage\":\"ru-RU\"},{\"@type\":\"Organization\",\"@id\":\"https:\/\/www.avafin.lv\/#organization\",\"name\":\"Avafin.lv\",\"url\":\"https:\/\/www.avafin.lv\/\",\"logo\":{\"@type\":\"ImageObject\",\"inLanguage\":\"ru-RU\",\"@id\":\"https:\/\/www.avafin.lv\/#\/schema\/logo\/image\/\",\"url\":\"https:\/\/www.avafin.lv\/wp-content\/uploads\/2022\/12\/AvaFinLogo_without_text-1.png\",\"contentUrl\":\"https:\/\/www.avafin.lv\/wp-content\/uploads\/2022\/12\/AvaFinLogo_without_text-1.png\",\"width\":128,\"height\":128,\"caption\":\"Avafin.lv\"},\"image\":{\"@id\":\"https:\/\/www.avafin.lv\/#\/schema\/logo\/image\/\"}}]}<\/script>\n<!-- \/ Yoast SEO plugin. -->","yoast_head_json":{"title":"\u041e\u0431 AvaFin - \u043d\u0435\u0431\u0430\u043d\u043a\u043e\u0432\u0441\u043a\u043e\u043c \u043a\u0440\u0435\u0434\u0438\u0442\u043e\u0440\u0435","description":"AvaFin Latvia SIA - \u0412\u0430\u0448 \u0444\u0438\u043d\u0430\u043d\u0441\u043e\u0432\u044b\u0439 \u043f\u0430\u0440\u0442\u043d\u0435\u0440, \u043a\u043e\u0442\u043e\u0440\u044b\u0439 \u043f\u043e\u043c\u043e\u0436\u0435\u0442 \u0441 \u043d\u0430\u0438\u0431\u043e\u043b\u0435\u0435 \u043f\u043e\u0434\u0445\u043e\u0434\u044f\u0449\u0438\u043c \u043a\u0440\u0435\u0434\u0438\u0442\u043d\u044b\u043c \u0440\u0435\u0448\u0435\u043d\u0438\u0435\u043c. \u0423\u0437\u043d\u0430\u0439\u0442\u0435 \u0431\u043e\u043b\u044c\u0448\u0435!","robots":{"index":"index","follow":"follow","max-snippet":"max-snippet:-1","max-image-preview":"max-image-preview:large","max-video-preview":"max-video-preview:-1"},"canonical":"https:\/\/www.avafin.lv\/ru\/o-nas","og_locale":"ru_RU","og_type":"article","og_title":"Par AvaFin - Nebanku aizdev\u0113js","og_description":"AvaFin Latvia SIA - J\u016bsu finan\u0161u partneris, kas pal\u012bdz\u0113s ar piem\u0113rot\u0101ko kred\u012bta risin\u0101jumu. Ien\u0101ciet un uzziniet par mums vair\u0101k!","og_url":"https:\/\/www.avafin.lv\/ru\/o-nas","og_site_name":"Avafin.lv","article_modified_time":"2025-07-03T07:02:30+00:00","twitter_card":"summary_large_image","twitter_misc":{"\u041f\u0440\u0438\u043c\u0435\u0440\u043d\u043e\u0435 \u0432\u0440\u0435\u043c\u044f \u0434\u043b\u044f \u0447\u0442\u0435\u043d\u0438\u044f":"2 \u043c\u0438\u043d\u0443\u0442\u044b"},"schema":{"@context":"https:\/\/schema.org","@graph":[{"@type":["WebPage","AboutPage"],"@id":"https:\/\/www.avafin.lv\/par-mums","url":"https:\/\/www.avafin.lv\/par-mums","name":"\u041e\u0431 AvaFin - \u043d\u0435\u0431\u0430\u043d\u043a\u043e\u0432\u0441\u043a\u043e\u043c \u043a\u0440\u0435\u0434\u0438\u0442\u043e\u0440\u0435","isPartOf":{"@id":"https:\/\/www.avafin.lv\/#website"},"datePublished":"2020-09-09T09:05:54+00:00","dateModified":"2025-07-03T07:02:30+00:00","description":"AvaFin Latvia SIA - \u0412\u0430\u0448 \u0444\u0438\u043d\u0430\u043d\u0441\u043e\u0432\u044b\u0439 \u043f\u0430\u0440\u0442\u043d\u0435\u0440, \u043a\u043e\u0442\u043e\u0440\u044b\u0439 \u043f\u043e\u043c\u043e\u0436\u0435\u0442 \u0441 \u043d\u0430\u0438\u0431\u043e\u043b\u0435\u0435 \u043f\u043e\u0434\u0445\u043e\u0434\u044f\u0449\u0438\u043c \u043a\u0440\u0435\u0434\u0438\u0442\u043d\u044b\u043c \u0440\u0435\u0448\u0435\u043d\u0438\u0435\u043c. \u0423\u0437\u043d\u0430\u0439\u0442\u0435 \u0431\u043e\u043b\u044c\u0448\u0435!","breadcrumb":{"@id":"https:\/\/www.avafin.lv\/par-mums#breadcrumb"},"inLanguage":"ru-RU","potentialAction":[{"@type":"ReadAction","target":["https:\/\/www.avafin.lv\/par-mums"]}]},{"@type":"BreadcrumbList","@id":"https:\/\/www.avafin.lv\/par-mums#breadcrumb","itemListElement":[{"@type":"ListItem","position":1,"name":"S\u0101kums","item":"https:\/\/www.avafin.lv\/"},{"@type":"ListItem","position":2,"name":"Par mums"}]},{"@type":"WebSite","@id":"https:\/\/www.avafin.lv\/#website","url":"https:\/\/www.avafin.lv\/","name":"Avafin.lv","description":"","publisher":{"@id":"https:\/\/www.avafin.lv\/#organization"},"potentialAction":[{"@type":"SearchAction","target":{"@type":"EntryPoint","urlTemplate":"https:\/\/www.avafin.lv\/?s={search_term_string}"},"query-input":{"@type":"PropertyValueSpecification","valueRequired":true,"valueName":"search_term_string"}}],"inLanguage":"ru-RU"},{"@type":"Organization","@id":"https:\/\/www.avafin.lv\/#organization","name":"Avafin.lv","url":"https:\/\/www.avafin.lv\/","logo":{"@type":"ImageObject","inLanguage":"ru-RU","@id":"https:\/\/www.avafin.lv\/#\/schema\/logo\/image\/","url":"https:\/\/www.avafin.lv\/wp-content\/uploads\/2022\/12\/AvaFinLogo_without_text-1.png","contentUrl":"https:\/\/www.avafin.lv\/wp-content\/uploads\/2022\/12\/AvaFinLogo_without_text-1.png","width":128,"height":128,"caption":"Avafin.lv"},"image":{"@id":"https:\/\/www.avafin.lv\/#\/schema\/logo\/image\/"}}]}},"_links":{"self":[{"href":"https:\/\/www.avafin.lv\/ru\/wp-json\/wp\/v2\/pages\/1632","targetHints":{"allow":["GET"]}}],"collection":[{"href":"https:\/\/www.avafin.lv\/ru\/wp-json\/wp\/v2\/pages"}],"about":[{"href":"https:\/\/www.avafin.lv\/ru\/wp-json\/wp\/v2\/types\/page"}],"author":[{"embeddable":true,"href":"https:\/\/www.avafin.lv\/ru\/wp-json\/wp\/v2\/users\/16"}],"replies":[{"embeddable":true,"href":"https:\/\/www.avafin.lv\/ru\/wp-json\/wp\/v2\/comments?post=1632"}],"version-history":[{"count":0,"href":"https:\/\/www.avafin.lv\/ru\/wp-json\/wp\/v2\/pages\/1632\/revisions"}],"wp:attachment":[{"href":"https:\/\/www.avafin.lv\/ru\/wp-json\/wp\/v2\/media?parent=1632"}],"curies":[{"name":"wp","href":"https:\/\/api.w.org\/{rel}","templated":true}]}}